{"id":70,"date":"2026-02-16T00:08:47","date_gmt":"2026-02-16T00:08:47","guid":{"rendered":"https:\/\/casadebluey.wpenginepowered.com\/mexico\/?page_id=70"},"modified":"2026-02-16T00:17:21","modified_gmt":"2026-02-16T00:17:21","slug":"prensa-b2b","status":"publish","type":"page","link":"https:\/\/lacasadebluey.com\/mexico\/prensa-b2b\/","title":{"rendered":"Prensa y Partners B2B"},"content":{"rendered":"[vc_row type=&#8221;full_width_content&#8221; full_screen_row_position=&#8221;middle&#8221; column_margin=&#8221;default&#8221; column_direction=&#8221;default&#8221; column_direction_tablet=&#8221;default&#8221; column_direction_phone=&#8221;default&#8221; scene_position=&#8221;center&#8221; text_color=&#8221;dark&#8221; text_align=&#8221;left&#8221; row_border_radius=&#8221;none&#8221; row_border_radius_applies=&#8221;bg&#8221; row_position_desktop=&#8221;default&#8221; row_position_tablet=&#8221;inherit&#8221; row_position_phone=&#8221;inherit&#8221; overflow=&#8221;visible&#8221; overlay_strength=&#8221;0.3&#8243; gradient_direction=&#8221;left_to_right&#8221; shape_divider_position=&#8221;bottom&#8221; bg_image_animation=&#8221;none&#8221; gradient_type=&#8221;default&#8221; shape_type=&#8221;&#8221;][vc_column top_padding_desktop=&#8221;4%&#8221; constrain_group_100=&#8221;yes&#8221; bottom_padding_desktop=&#8221;4%&#8221; left_padding_desktop=&#8221;10%&#8221; constrain_group_101=&#8221;yes&#8221; right_padding_desktop=&#8221;10%&#8221; left_padding_phone=&#8221;3%&#8221; constrain_group_105=&#8221;yes&#8221; right_padding_phone=&#8221;3%&#8221; column_element_direction_desktop=&#8221;default&#8221; column_element_spacing=&#8221;default&#8221; desktop_text_alignment=&#8221;default&#8221; tablet_text_alignment=&#8221;default&#8221; phone_text_alignment=&#8221;default&#8221; background_color_opacity=&#8221;1&#8243; background_hover_color_opacity=&#8221;1&#8243; background_image=&#8221;63&#8243; background_image_type=&#8221;default&#8221; background_image_position=&#8221;center top&#8221; background_image_stacking=&#8221;front&#8221; enable_bg_scale=&#8221;true&#8221; background_image_loading=&#8221;default&#8221; column_backdrop_filter=&#8221;none&#8221; column_shadow=&#8221;none&#8221; column_border_radius=&#8221;none&#8221; column_link_target=&#8221;_self&#8221; column_position=&#8221;default&#8221; gradient_direction=&#8221;left_to_right&#8221; overlay_strength=&#8221;0.3&#8243; width=&#8221;1\/1&#8243; tablet_width_inherit=&#8221;default&#8221; animation_type=&#8221;default&#8221; bg_image_animation=&#8221;none&#8221; border_type=&#8221;simple&#8221; column_border_width=&#8221;none&#8221; column_border_style=&#8221;solid&#8221; column_padding_type=&#8221;advanced&#8221; gradient_type=&#8221;default&#8221; content_layout=&#8221;default&#8221;][vc_row_inner equal_height=&#8221;yes&#8221; content_placement=&#8221;top&#8221; column_margin=&#8221;20px&#8221; column_direction=&#8221;default&#8221; column_direction_tablet=&#8221;default&#8221; column_direction_phone=&#8221;default&#8221; top_padding=&#8221;3%&#8221; text_align=&#8221;left&#8221; row_position=&#8221;default&#8221; row_position_tablet=&#8221;inherit&#8221; row_position_phone=&#8221;inherit&#8221; overflow=&#8221;visible&#8221; pointer_events=&#8221;all&#8221;][vc_column_inner column_padding=&#8221;padding-4-percent&#8221; column_padding_tablet=&#8221;inherit&#8221; column_padding_phone=&#8221;inherit&#8221; column_padding_position=&#8221;all&#8221; top_margin_phone=&#8221;15%&#8221; bottom_margin_phone=&#8221;25%&#8221; flex_gap_desktop=&#8221;10px&#8221; column_element_direction_desktop=&#8221;default&#8221; column_element_spacing=&#8221;default&#8221; desktop_text_alignment=&#8221;default&#8221; tablet_text_alignment=&#8221;default&#8221; phone_text_alignment=&#8221;default&#8221; background_color=&#8221;#ffffff&#8221; background_color_opacity=&#8221;1&#8243; background_hover_color_opacity=&#8221;1&#8243; column_backdrop_filter=&#8221;none&#8221; column_shadow=&#8221;none&#8221; column_border_radius=&#8221;20px&#8221; column_link_target=&#8221;_self&#8221; overflow=&#8221;visible&#8221; gradient_direction=&#8221;left_to_right&#8221; overlay_strength=&#8221;0.3&#8243; width=&#8221;1\/2&#8243; tablet_width_inherit=&#8221;default&#8221; animation_type=&#8221;default&#8221; bg_image_animation=&#8221;none&#8221; border_type=&#8221;simple&#8221; column_border_width=&#8221;none&#8221; column_border_style=&#8221;solid&#8221; column_padding_type=&#8221;default&#8221; gradient_type=&#8221;default&#8221;][image_with_animation image_url=&#8221;11&#8243; image_size=&#8221;full&#8221; max_width=&#8221;custom&#8221; animation_type=&#8221;entrance&#8221; animation=&#8221;None&#8221; animation_movement_type=&#8221;transform_y&#8221; hover_animation=&#8221;none&#8221; alignment=&#8221;center&#8221; border_radius=&#8221;none&#8221; box_shadow=&#8221;none&#8221; image_loading=&#8221;default&#8221; margin_top=&#8221;-20%&#8221; max_width_custom=&#8221;252&#8243; max_width_custom_phone=&#8221;252&#8243; screen_reader_text=&#8221;Informaci\u00f3n para Prensa&#8221;][vc_custom_heading text=&#8221;Informaci\u00f3n para Prensa&#8221; font_container=&#8221;tag:h2|text_align:center|color:%238dcaf9&#8243; use_theme_fonts=&#8221;yes&#8221; css=&#8221;.vc_custom_1762452552309{margin-top: 15px !important;margin-right: 0px !important;margin-bottom: 20px !important;margin-left: 0px !important;}&#8221;][vc_column_text css=&#8221;&#8221; text_direction=&#8221;default&#8221;]\n<h5><i class=\"icon-default-style iconsmind-Home extra-color-2\"><\/i> <span style=\"color: #5a5a87;\">Sobre La Casa de Bluey<\/span><\/h5>\n<p>La Casa de Bluey es la primera experiencia inmersiva oficial inspirada en la serie global de <strong>BBC Studios y Ludo Studio<\/strong>. Se trata de un recorrido a escala real por los espacios m\u00e1s ic\u00f3nicos de la casa de Bluey y su familia, con actividades interactivas, misiones y zonas de juego dise\u00f1adas para toda la familia.<\/p>\n<p>Tras su exitoso paso por Chile \u2014donde reuni\u00f3 a m\u00e1s de <strong>120.000 visitantes en solo tres meses<\/strong>\u2014 la experiencia prepara nuevas paradas internacionales, consolid\u00e1ndose como un evento familiar de referencia en Latinoam\u00e9rica y el mundo.<\/p>\n<h5><span style=\"color: #5a5a87;\"><i class=\"icon-default-style iconsmind-Dog extra-color-2\"><\/i> Highlights de la Experiencia<\/span><\/h5>\n<ul>\n<li><strong>Concepto \u00fanico:<\/strong> inmersivo, interactivo y tecnol\u00f3gico, basado en la serie m\u00e1s premiada y querida por las familias.<\/li>\n<li><strong>Recorrido real a escala:<\/strong> desde la fachada, living y cocina hasta la sala de juegos y las habitaciones de Bluey y Bingo.<\/li>\n<\/ul>\n<h4><span style=\"color: #5a5a87;\"><i class=\"icon-default-style iconsmind-Mail-Love extra-color-2\"><\/i> \u00bfEres periodista o medio de comunicaci\u00f3n?<\/span><\/h4>\n<p>Si deseas entrevistas, material de prensa o im\u00e1genes oficiales, escr\u00edbenos a\u00a0<a href=\"mailto:prensa@befunentertainment.com\"><strong>prensa@befunentertainment.com<\/strong><\/a>[\/vc_column_text][\/vc_column_inner][vc_column_inner column_padding=&#8221;padding-4-percent&#8221; column_padding_tablet=&#8221;inherit&#8221; column_padding_phone=&#8221;inherit&#8221; column_padding_position=&#8221;all&#8221; flex_gap_desktop=&#8221;10px&#8221; column_element_direction_desktop=&#8221;default&#8221; column_element_spacing=&#8221;default&#8221; desktop_text_alignment=&#8221;default&#8221; tablet_text_alignment=&#8221;default&#8221; phone_text_alignment=&#8221;default&#8221; background_color=&#8221;#ffffff&#8221; background_color_opacity=&#8221;1&#8243; background_hover_color_opacity=&#8221;1&#8243; column_backdrop_filter=&#8221;none&#8221; column_shadow=&#8221;none&#8221; column_border_radius=&#8221;20px&#8221; column_link_target=&#8221;_self&#8221; overflow=&#8221;visible&#8221; gradient_direction=&#8221;left_to_right&#8221; overlay_strength=&#8221;0.3&#8243; width=&#8221;1\/2&#8243; tablet_width_inherit=&#8221;default&#8221; animation_type=&#8221;default&#8221; bg_image_animation=&#8221;none&#8221; border_type=&#8221;simple&#8221; column_border_width=&#8221;none&#8221; column_border_style=&#8221;solid&#8221; column_padding_type=&#8221;default&#8221; gradient_type=&#8221;default&#8221;][image_with_animation image_url=&#8221;12&#8243; image_size=&#8221;full&#8221; max_width=&#8221;custom&#8221; animation_type=&#8221;entrance&#8221; animation=&#8221;None&#8221; animation_movement_type=&#8221;transform_y&#8221; hover_animation=&#8221;none&#8221; alignment=&#8221;center&#8221; border_radius=&#8221;none&#8221; box_shadow=&#8221;none&#8221; image_loading=&#8221;default&#8221; margin_top=&#8221;-25%&#8221; max_width_custom=&#8221;325&#8243; max_width_custom_phone=&#8221;252&#8243; screen_reader_text=&#8221;Informaci\u00f3n para Prensa&#8221;][vc_custom_heading text=&#8221;Oportunidades para Partners y Marcas&#8221; font_container=&#8221;tag:h2|text_align:center|color:%23f3d37a&#8221; use_theme_fonts=&#8221;yes&#8221; css=&#8221;.vc_custom_1762452545904{margin-top: 15px !important;margin-right: 0px !important;margin-bottom: 20px !important;margin-left: 0px !important;}&#8221;][vc_column_text css=&#8221;&#8221; text_direction=&#8221;default&#8221;]\n<h5><span style=\"color: #5a5a87;\"><i class=\"icon-default-style iconsmind-Love2 accent-color\"><\/i> Un espacio donde las marcas cobran vida junto a una familia que el mundo adora.<\/span><\/h5>\n<p>Convertirse en <strong>partner<\/strong> o <strong>patrocinador oficial de La Casa de Bluey<\/strong> es formar parte de un fen\u00f3meno global de entretenimiento familiar que combina <strong>afecto, confianza y alcance internacional.<\/strong><\/p>\n<p>La experiencia ofrece m\u00faltiples opciones de colaboraci\u00f3n que se adaptan a los objetivos de visibilidad y posicionamiento de cada marca:<\/p>\n<ul>\n<li><strong>Patrocinios estrat\u00e9gicos<\/strong> en zonas clave del recorrido.<\/li>\n<li><strong>Activaciones de marca<\/strong> y experiencias inmersivas personalizadas.<\/li>\n<li><strong>Presencia en campa\u00f1as<\/strong> publicitarias y medios de alto impacto.<\/li>\n<li><strong>Integraci\u00f3n<\/strong> en beneficios y promociones exclusivas junto a la ticketera oficial.<\/li>\n<\/ul>\n<p>Tu marca, en el coraz\u00f3n de una experiencia que emociona a miles de familias.<\/p>\n<h4><span style=\"color: #5a5a87;\"><i class=\"icon-default-style iconsmind-Mail-Love accent-color\"><\/i> \u00bfQuieres Colaborar?<\/span><\/h4>\n<p>Para explorar oportunidades de colaboraci\u00f3n, escr\u00edbenos a <a href=\"mailto:partners@befunentertainment.com\"><strong>partners@befunentertainment.com<\/strong><\/a>[\/vc_column_text][\/vc_column_inner][\/vc_row_inner][\/vc_column][\/vc_row][vc_row type=&#8221;full_width_content&#8221; full_screen_row_position=&#8221;middle&#8221; column_margin=&#8221;none&#8221; equal_height=&#8221;yes&#8221; content_placement=&#8221;bottom&#8221; column_direction=&#8221;default&#8221; column_direction_tablet=&#8221;default&#8221; column_direction_phone=&#8221;default&#8221; scene_position=&#8221;center&#8221; top_padding=&#8221;2%&#8221; text_color=&#8221;dark&#8221; text_align=&#8221;left&#8221; row_border_radius=&#8221;none&#8221; row_border_radius_applies=&#8221;bg&#8221; row_position_desktop=&#8221;default&#8221; row_position_tablet=&#8221;inherit&#8221; row_position_phone=&#8221;inherit&#8221; overflow=&#8221;visible&#8221; overlay_strength=&#8221;0.3&#8243; gradient_direction=&#8221;left_to_right&#8221; shape_divider_position=&#8221;bottom&#8221; bg_image_animation=&#8221;none&#8221; gradient_type=&#8221;default&#8221; shape_type=&#8221;&#8221;][vc_column column_padding=&#8221;no-extra-padding&#8221; column_padding_tablet=&#8221;inherit&#8221; column_padding_phone=&#8221;inherit&#8221; column_padding_position=&#8221;all&#8221; flex_gap_desktop=&#8221;10px&#8221; column_element_direction_desktop=&#8221;default&#8221; column_element_spacing=&#8221;default&#8221; desktop_text_alignment=&#8221;default&#8221; tablet_text_alignment=&#8221;default&#8221; phone_text_alignment=&#8221;default&#8221; background_color_opacity=&#8221;1&#8243; background_hover_color_opacity=&#8221;1&#8243; column_backdrop_filter=&#8221;none&#8221; column_shadow=&#8221;none&#8221; column_border_radius=&#8221;none&#8221; column_link_target=&#8221;_self&#8221; column_position=&#8221;default&#8221; gradient_direction=&#8221;left_to_right&#8221; overlay_strength=&#8221;0.3&#8243; width=&#8221;1\/1&#8243; tablet_width_inherit=&#8221;default&#8221; animation_type=&#8221;default&#8221; bg_image_animation=&#8221;none&#8221; border_type=&#8221;simple&#8221; column_border_width=&#8221;none&#8221; column_border_style=&#8221;solid&#8221;][image_with_animation image_url=&#8221;40&#8243; image_size=&#8221;full&#8221; max_width=&#8221;100%&#8221; max_width_mobile=&#8221;default&#8221; animation_type=&#8221;entrance&#8221; animation=&#8221;None&#8221; animation_movement_type=&#8221;transform_y&#8221; hover_animation=&#8221;none&#8221; alignment=&#8221;&#8221; border_radius=&#8221;none&#8221; box_shadow=&#8221;none&#8221; image_loading=&#8221;default&#8221; fit_to_container=&#8221;1&#8243; image_object_position=&#8221;center center&#8221;][\/vc_column][\/vc_row]\n","protected":false},"excerpt":{"rendered":"<p>[vc_row type=&#8221;full_width_content&#8221; full_screen_row_position=&#8221;middle&#8221; column_margin=&#8221;default&#8221; column_direction=&#8221;default&#8221; column_direction_tablet=&#8221;default&#8221; column_direction_phone=&#8221;default&#8221; scene_position=&#8221;center&#8221; text_color=&#8221;dark&#8221; text_align=&#8221;left&#8221; row_border_radius=&#8221;none&#8221; row_border_radius_applies=&#8221;bg&#8221; row_position_desktop=&#8221;default&#8221; row_position_tablet=&#8221;inherit&#8221; row_position_phone=&#8221;inherit&#8221; overflow=&#8221;visible&#8221; overlay_strength=&#8221;0.3&#8243; gradient_direction=&#8221;left_to_right&#8221; shape_divider_position=&#8221;bottom&#8221; bg_image_animation=&#8221;none&#8221; gradient_type=&#8221;default&#8221; shape_type=&#8221;&#8221;][vc_column top_padding_desktop=&#8221;4%&#8221; constrain_group_100=&#8221;yes&#8221; bottom_padding_desktop=&#8221;4%&#8221; left_padding_desktop=&#8221;10%&#8221; constrain_group_101=&#8221;yes&#8221; right_padding_desktop=&#8221;10%&#8221; left_padding_phone=&#8221;3%&#8221; constrain_group_105=&#8221;yes&#8221;&#8230;<\/p>\n","protected":false},"author":2,"featured_media":10,"parent":0,"menu_order":0,"comment_status":"closed","ping_status":"closed","template":"","meta":{"footnotes":""},"class_list":["post-70","page","type-page","status-publish","has-post-thumbnail"],"yoast_head":"<!-- This site is optimized with the Yoast SEO plugin v27.1.1 - https:\/\/yoast.com\/product\/yoast-seo-wordpress\/ -->\n<title>Prensa y Partners B2B - La Casa de Bluey - M\u00e9xico<\/title>\n<meta name=\"robots\" content=\"noindex, follow, max-snippet:-1, max-image-preview:large, max-video-preview:-1\" \/>\n<meta property=\"og:locale\" content=\"en_US\" \/>\n<meta property=\"og:type\" content=\"article\" \/>\n<meta property=\"og:title\" content=\"Prensa y Partners B2B - La Casa de Bluey - M\u00e9xico\" \/>\n<meta property=\"og:description\" content=\"[vc_row type=&#8221;full_width_content&#8221; full_screen_row_position=&#8221;middle&#8221; column_margin=&#8221;default&#8221; column_direction=&#8221;default&#8221; column_direction_tablet=&#8221;default&#8221; column_direction_phone=&#8221;default&#8221; scene_position=&#8221;center&#8221; text_color=&#8221;dark&#8221; text_align=&#8221;left&#8221; row_border_radius=&#8221;none&#8221; row_border_radius_applies=&#8221;bg&#8221; row_position_desktop=&#8221;default&#8221; row_position_tablet=&#8221;inherit&#8221; row_position_phone=&#8221;inherit&#8221; overflow=&#8221;visible&#8221; overlay_strength=&#8221;0.3&#8243; gradient_direction=&#8221;left_to_right&#8221; shape_divider_position=&#8221;bottom&#8221; bg_image_animation=&#8221;none&#8221; gradient_type=&#8221;default&#8221; shape_type=&#8221;&#8221;][vc_column top_padding_desktop=&#8221;4%&#8221; constrain_group_100=&#8221;yes&#8221; bottom_padding_desktop=&#8221;4%&#8221; left_padding_desktop=&#8221;10%&#8221; constrain_group_101=&#8221;yes&#8221; right_padding_desktop=&#8221;10%&#8221; left_padding_phone=&#8221;3%&#8221; constrain_group_105=&#8221;yes&#8221;...\" \/>\n<meta property=\"og:url\" content=\"https:\/\/lacasadebluey.com\/mexico\/prensa-b2b\/\" \/>\n<meta property=\"og:site_name\" content=\"La Casa de Bluey - M\u00e9xico\" \/>\n<meta property=\"article:modified_time\" content=\"2026-02-16T00:17:21+00:00\" \/>\n<meta property=\"og:image\" content=\"https:\/\/lacasadebluey.com\/mexico\/wp-content\/uploads\/sites\/2\/2026\/02\/La-Casa-de-Bluey-Featured.webp\" \/>\n\t<meta property=\"og:image:width\" content=\"1920\" \/>\n\t<meta property=\"og:image:height\" content=\"1080\" \/>\n\t<meta property=\"og:image:type\" content=\"image\/webp\" \/>\n<meta name=\"twitter:card\" content=\"summary_large_image\" \/>\n<meta name=\"twitter:label1\" content=\"Est. reading time\" \/>\n\t<meta name=\"twitter:data1\" content=\"6 minutes\" \/>\n<script type=\"application\/ld+json\" class=\"yoast-schema-graph\">{\"@context\":\"https:\/\/schema.org\",\"@graph\":[{\"@type\":\"WebPage\",\"@id\":\"https:\/\/lacasadebluey.com\/mexico\/prensa-b2b\/\",\"url\":\"https:\/\/lacasadebluey.com\/mexico\/prensa-b2b\/\",\"name\":\"Prensa y Partners B2B - La Casa de Bluey - M\u00e9xico\",\"isPartOf\":{\"@id\":\"https:\/\/lacasadebluey.com\/mexico\/#website\"},\"primaryImageOfPage\":{\"@id\":\"https:\/\/lacasadebluey.com\/mexico\/prensa-b2b\/#primaryimage\"},\"image\":{\"@id\":\"https:\/\/lacasadebluey.com\/mexico\/prensa-b2b\/#primaryimage\"},\"thumbnailUrl\":\"https:\/\/lacasadebluey.com\/mexico\/wp-content\/uploads\/sites\/2\/2026\/02\/La-Casa-de-Bluey-Featured.webp\",\"datePublished\":\"2026-02-16T00:08:47+00:00\",\"dateModified\":\"2026-02-16T00:17:21+00:00\",\"breadcrumb\":{\"@id\":\"https:\/\/lacasadebluey.com\/mexico\/prensa-b2b\/#breadcrumb\"},\"inLanguage\":\"en-US\",\"potentialAction\":[{\"@type\":\"ReadAction\",\"target\":[\"https:\/\/lacasadebluey.com\/mexico\/prensa-b2b\/\"]}]},{\"@type\":\"ImageObject\",\"inLanguage\":\"en-US\",\"@id\":\"https:\/\/lacasadebluey.com\/mexico\/prensa-b2b\/#primaryimage\",\"url\":\"https:\/\/lacasadebluey.com\/mexico\/wp-content\/uploads\/sites\/2\/2026\/02\/La-Casa-de-Bluey-Featured.webp\",\"contentUrl\":\"https:\/\/lacasadebluey.com\/mexico\/wp-content\/uploads\/sites\/2\/2026\/02\/La-Casa-de-Bluey-Featured.webp\",\"width\":1920,\"height\":1080,\"caption\":\"La Casa de Bluey\"},{\"@type\":\"BreadcrumbList\",\"@id\":\"https:\/\/lacasadebluey.com\/mexico\/prensa-b2b\/#breadcrumb\",\"itemListElement\":[{\"@type\":\"ListItem\",\"position\":1,\"name\":\"Home\",\"item\":\"https:\/\/lacasadebluey.com\/mexico\/\"},{\"@type\":\"ListItem\",\"position\":2,\"name\":\"Prensa y Partners B2B\"}]},{\"@type\":\"WebSite\",\"@id\":\"https:\/\/lacasadebluey.com\/mexico\/#website\",\"url\":\"https:\/\/lacasadebluey.com\/mexico\/\",\"name\":\"La Casa de Bluey - M\u00e9xico\",\"description\":\"Una Experiencia Interactiva\",\"potentialAction\":[{\"@type\":\"SearchAction\",\"target\":{\"@type\":\"EntryPoint\",\"urlTemplate\":\"https:\/\/lacasadebluey.com\/mexico\/?s={search_term_string}\"},\"query-input\":{\"@type\":\"PropertyValueSpecification\",\"valueRequired\":true,\"valueName\":\"search_term_string\"}}],\"inLanguage\":\"en-US\"}]}<\/script>\n<!-- \/ Yoast SEO plugin. -->","yoast_head_json":{"title":"Prensa y Partners B2B - La Casa de Bluey - M\u00e9xico","robots":{"index":"noindex","follow":"follow","max-snippet":"max-snippet:-1","max-image-preview":"max-image-preview:large","max-video-preview":"max-video-preview:-1"},"og_locale":"en_US","og_type":"article","og_title":"Prensa y Partners B2B - La Casa de Bluey - M\u00e9xico","og_description":"[vc_row type=&#8221;full_width_content&#8221; full_screen_row_position=&#8221;middle&#8221; column_margin=&#8221;default&#8221; column_direction=&#8221;default&#8221; column_direction_tablet=&#8221;default&#8221; column_direction_phone=&#8221;default&#8221; scene_position=&#8221;center&#8221; text_color=&#8221;dark&#8221; text_align=&#8221;left&#8221; row_border_radius=&#8221;none&#8221; row_border_radius_applies=&#8221;bg&#8221; row_position_desktop=&#8221;default&#8221; row_position_tablet=&#8221;inherit&#8221; row_position_phone=&#8221;inherit&#8221; overflow=&#8221;visible&#8221; overlay_strength=&#8221;0.3&#8243; gradient_direction=&#8221;left_to_right&#8221; shape_divider_position=&#8221;bottom&#8221; bg_image_animation=&#8221;none&#8221; gradient_type=&#8221;default&#8221; shape_type=&#8221;&#8221;][vc_column top_padding_desktop=&#8221;4%&#8221; constrain_group_100=&#8221;yes&#8221; bottom_padding_desktop=&#8221;4%&#8221; left_padding_desktop=&#8221;10%&#8221; constrain_group_101=&#8221;yes&#8221; right_padding_desktop=&#8221;10%&#8221; left_padding_phone=&#8221;3%&#8221; constrain_group_105=&#8221;yes&#8221;...","og_url":"https:\/\/lacasadebluey.com\/mexico\/prensa-b2b\/","og_site_name":"La Casa de Bluey - M\u00e9xico","article_modified_time":"2026-02-16T00:17:21+00:00","og_image":[{"width":1920,"height":1080,"url":"https:\/\/lacasadebluey.com\/mexico\/wp-content\/uploads\/sites\/2\/2026\/02\/La-Casa-de-Bluey-Featured.webp","type":"image\/webp"}],"twitter_card":"summary_large_image","twitter_misc":{"Est. reading time":"6 minutes"},"schema":{"@context":"https:\/\/schema.org","@graph":[{"@type":"WebPage","@id":"https:\/\/lacasadebluey.com\/mexico\/prensa-b2b\/","url":"https:\/\/lacasadebluey.com\/mexico\/prensa-b2b\/","name":"Prensa y Partners B2B - La Casa de Bluey - M\u00e9xico","isPartOf":{"@id":"https:\/\/lacasadebluey.com\/mexico\/#website"},"primaryImageOfPage":{"@id":"https:\/\/lacasadebluey.com\/mexico\/prensa-b2b\/#primaryimage"},"image":{"@id":"https:\/\/lacasadebluey.com\/mexico\/prensa-b2b\/#primaryimage"},"thumbnailUrl":"https:\/\/lacasadebluey.com\/mexico\/wp-content\/uploads\/sites\/2\/2026\/02\/La-Casa-de-Bluey-Featured.webp","datePublished":"2026-02-16T00:08:47+00:00","dateModified":"2026-02-16T00:17:21+00:00","breadcrumb":{"@id":"https:\/\/lacasadebluey.com\/mexico\/prensa-b2b\/#breadcrumb"},"inLanguage":"en-US","potentialAction":[{"@type":"ReadAction","target":["https:\/\/lacasadebluey.com\/mexico\/prensa-b2b\/"]}]},{"@type":"ImageObject","inLanguage":"en-US","@id":"https:\/\/lacasadebluey.com\/mexico\/prensa-b2b\/#primaryimage","url":"https:\/\/lacasadebluey.com\/mexico\/wp-content\/uploads\/sites\/2\/2026\/02\/La-Casa-de-Bluey-Featured.webp","contentUrl":"https:\/\/lacasadebluey.com\/mexico\/wp-content\/uploads\/sites\/2\/2026\/02\/La-Casa-de-Bluey-Featured.webp","width":1920,"height":1080,"caption":"La Casa de Bluey"},{"@type":"BreadcrumbList","@id":"https:\/\/lacasadebluey.com\/mexico\/prensa-b2b\/#breadcrumb","itemListElement":[{"@type":"ListItem","position":1,"name":"Home","item":"https:\/\/lacasadebluey.com\/mexico\/"},{"@type":"ListItem","position":2,"name":"Prensa y Partners B2B"}]},{"@type":"WebSite","@id":"https:\/\/lacasadebluey.com\/mexico\/#website","url":"https:\/\/lacasadebluey.com\/mexico\/","name":"La Casa de Bluey - M\u00e9xico","description":"Una Experiencia Interactiva","potentialAction":[{"@type":"SearchAction","target":{"@type":"EntryPoint","urlTemplate":"https:\/\/lacasadebluey.com\/mexico\/?s={search_term_string}"},"query-input":{"@type":"PropertyValueSpecification","valueRequired":true,"valueName":"search_term_string"}}],"inLanguage":"en-US"}]}},"_links":{"self":[{"href":"https:\/\/lacasadebluey.com\/mexico\/wp-json\/wp\/v2\/pages\/70","targetHints":{"allow":["GET"]}}],"collection":[{"href":"https:\/\/lacasadebluey.com\/mexico\/wp-json\/wp\/v2\/pages"}],"about":[{"href":"https:\/\/lacasadebluey.com\/mexico\/wp-json\/wp\/v2\/types\/page"}],"author":[{"embeddable":true,"href":"https:\/\/lacasadebluey.com\/mexico\/wp-json\/wp\/v2\/users\/2"}],"replies":[{"embeddable":true,"href":"https:\/\/lacasadebluey.com\/mexico\/wp-json\/wp\/v2\/comments?post=70"}],"version-history":[{"count":0,"href":"https:\/\/lacasadebluey.com\/mexico\/wp-json\/wp\/v2\/pages\/70\/revisions"}],"wp:featuredmedia":[{"embeddable":true,"href":"https:\/\/lacasadebluey.com\/mexico\/wp-json\/wp\/v2\/media\/10"}],"wp:attachment":[{"href":"https:\/\/lacasadebluey.com\/mexico\/wp-json\/wp\/v2\/media?parent=70"}],"curies":[{"name":"wp","href":"https:\/\/api.w.org\/{rel}","templated":true}]}}